{"id":157,"date":"2020-04-12T20:31:54","date_gmt":"2020-04-12T20:31:54","guid":{"rendered":"https:\/\/www.pp-z.nl\/?page_id=157"},"modified":"2020-04-12T20:31:55","modified_gmt":"2020-04-12T20:31:55","slug":"algemene-voorwaarden","status":"publish","type":"page","link":"https:\/\/www.pp-z.nl\/index.php\/algemene-voorwaarden\/","title":{"rendered":"Algemene Voorwaarden"},"content":{"rendered":"\n<p>Algemene voorwaarden van toepassing op (behandel)overeenkomsten tussen de pedagogen\/ therapeuten van PP-Z (hierna te noemen pedagoog) en haar opdrachtnemers\/ cli\u00ebnten (hierna te noemen cli\u00ebnt).<\/p>\n\n\n\n<p><strong>Artikel 1 Algemeen<\/strong><\/p>\n\n\n\n<p>Deze algemene voorwaarden gelden voor iedere overeenkomst tussen de pedagoog en cli\u00ebnt, en tussen de door de pedagoog ingeschakelde derde en cli\u00ebnt, tenzij anders bepaald en met inachtneming van lid 2 van dit artikel.<br>Eventuele afwijkingen op deze algemene voorwaarden zijn slechts geldig indien deze uitdrukkelijk schriftelijk zijn overeengekomen, en voor goedkeuring zijn voorgelegd aan de NVO.<\/p>\n\n\n\n<p><strong>Artikel 2 Uitvoering van de overeenkomst<\/strong><\/p>\n\n\n\n<p>De pedagoog zal de overeenkomst naar beste inzicht en vermogen en in overeenstemming met de beroepscode van de NVO uitvoeren. Een en ander op grond van de op dat moment bekende stand der wetenschap.<br>Indien en voor zover een goede uitvoering van de overeenkomst dit vereist, heeft de pedagoog het recht bepaalde werkzaamheden te laten verrichten door derden.<br>Cli\u00ebnt draagt er zorg voor dat alle gegevens, waarvan de pedagoog aangeeft dat deze noodzakelijk zijn of waarvan de cli\u00ebnt redelijkerwijs behoort te begrijpen dat deze noodzakelijk zijn voor het uitvoeren van de overeenkomst, tijdig aan de pedagoog worden verstrekt. Indien de voor de uitvoering van de overeenkomst benodigde gegevens niet tijdig aan de pedagoog zijn verstrekt, heeft de pedagoog het recht de uitvoering van de overeenkomst op te schorten en \/ of de uit de vertraging voortvloeiende extra kosten volgens de afgesproken tarieven aan cli\u00ebnt in rekening te brengen.<br>De pedagoog is niet aansprakelijk voor schade, van welke aard ook, doordat is uit gegaan van door cli\u00ebnt verstrekte onjuiste en \/ of onvolledige gegevens, tenzij deze onjuistheid of onvolledigheid voor de pedagoog kenbaar behoorde te zijn.<\/p>\n\n\n\n<p><strong>Artikel 3 Betaling<\/strong><\/p>\n\n\n\n<p>Betaling dient te geschieden binnen 14 dagen na factuurdatum, op een door de pedagoog aan te geven wijze in de valuta waarin is gedeclareerd. Bezwaren tegen de hoogte van de declaraties schorten de betalingsverplichting niet op.<br>Indien cli\u00ebnt in gebreke blijft in de betaling binnen de termijn van 14 dagen dan is cli\u00ebnt van rechtswege in verzuim. Cli\u00ebnt is in dat geval een rente verschuldigd van 1% per maand, tenzij de wettelijke rente hoger is in welk geval de wettelijke rente geldt. De rente over het opeisbare bedrag zal worden berekend vanaf het moment dat cli\u00ebnt in verzuim is tot het moment van voldoening van het volledige bedrag.<br>In geval van liquidatie, faillissement, beslag of surseance van betaling van cli\u00ebnt zijn de vorderingen van de pedagoog op de cli\u00ebnt onmiddellijk opeisbaar.<br>De pedagoog heeft het recht de door cli\u00ebnt gedane betalingen te laten strekken in de eerste plaats in mindering van de kosten, vervolgens in mindering van de opengevallen rente en tenslotte in mindering van de hoofdsom en de lopende rente. De pedagoog kan, zonder daardoor in verzuim te komen, een aanbod tot betaling weigeren, indien de cli\u00ebnt een andere volgorde voor de toerekening aanwijst. De pedagoog kan volledige aflossing van de hoofdsom weigeren, indien daarbij niet eveneens de opengevallen en lopende rente evenals de kosten worden voldaan.<\/p>\n\n\n\n<p><strong>Artikel 4 Eigendomsvoorbehoud aan cli\u00ebnt verstrekte zaken<\/strong><\/p>\n\n\n\n<p>Alle door de pedagoog aan cli\u00ebnt verstrekte zaken, zoals onderzoeksmateriaal, speelgoed, boeken en overige zaken, blijven eigendom van de pedagoog, tenzij deze uitdrukkelijk in eigendom worden overgedragen aan cli\u00ebnt.<br>Indien de pedagoog aan cli\u00ebnt zaken ter beschikking heeft gesteld is cli\u00ebnt gehouden deze binnen 7 dagen na het verzoek van de pedagoog hiertoe, of 7 dagen na be\u00ebindiging van de overeenkomst, in oorspronkelijke staat, vrij van gebreken en volledig te retourneren. Indien cli\u00ebnt deze verplichting niet nakomt zijn alle hieruit voortvloeiende kosten voor zijn rekening.<br>Indien cli\u00ebnt, om welke reden ook, na daartoe strekkende aanmaning, alsnog in gebreke blijft met de onder 1. genoemde verplichting, heeft de pedagoog het recht de daaruit voortvloeiende schade en kosten, waaronder de kosten van vervanging, op cli\u00ebnt te verhalen.<\/p>\n\n\n\n<p><strong>Artikel 5 Opzegging<\/strong><\/p>\n\n\n\n<p>Beide partijen kunnen de overeenkomst te allen tijde schriftelijk opzeggen.<br>Indien de overeenkomst tussentijds wordt opgezegd door cli\u00ebnt, heeft de pedagoog recht op compensatie vanwege het daardoor ontstane en aannemelijk te maken bezettingsverlies, tenzij er feiten en omstandigheden aan de opzegging ten grondslag liggen die aan de pedagoog zijn toe te rekenen. Voorts is cli\u00ebnt dan gehouden tot betaling van de declaraties voor tot dan toe verrichte werkzaamheden. De voorlopige resultaten van de tot dan toe verrichte werkzaamheden zullen dan ook onder voorbehoud ter beschikking worden gesteld aan cli\u00ebnt.<br>Indien de overeenkomst tussentijds wordt opgezegd door de pedagoog, zal deze in overleg met cli\u00ebnt zorgdragen voor overdracht van nog te verrichten werkzaamheden aan derden, tenzij er feiten en omstandigheden aan de opzegging ten grondslag liggen die aan cli\u00ebnt toerekenbaar zijn.<br>Indien de overdracht van de werkzaamheden voor de pedagoog extra kosten met zich meebrengt, worden deze aan cli\u00ebnt in rekening gebracht.<\/p>\n\n\n\n<p><strong>Artikel 6 Opschorting en ontbinding<\/strong><\/p>\n\n\n\n<p>De pedagoog is bevoegd de nakoming van de verplichtingen op te schorten of de overeenkomst te ontbinden, indien:<br>Cli\u00ebnt de verplichtingen uit de overeenkomst niet of niet volledig nakomt.<br>Na het sluiten van de overeenkomst de pedagoog ter kennis gekomen omstandigheden goede grond geven te vrezen dat de cli\u00ebnt de verplichtingen niet zal nakomen. In geval er goede grond bestaat te vrezen dat de cli\u00ebnt slechts gedeeltelijk of niet behoorlijk zal nakomen, is de opschorting slechts toegelaten voor zover de tekortkoming haar rechtvaardigt.<br>Cli\u00ebnt bij het sluiten van de overeenkomst verzocht is zekerheid te stellen voor de voldoening van zijn verplichtingen uit de overeenkomst en deze zekerheid uitblijft of onvoldoende is.<br>Voorts is de pedagoog bevoegd de overeenkomst te (doen) ontbinden indien zich omstandigheden voordoen welke van dien aard zijn dat nakoming van de overeenkomst onmogelijk of naar maatstaven van redelijkheid en billijkheid niet langer kan worden gevergd dan wel indien zich anderszins omstandigheden voordoen welke van dien aard zijn dat ongewijzigde instandhouding van de overeenkomst in redelijkheid niet mag worden verwacht.<br>Indien de overeenkomst wordt ontbonden zijn de vorderingen van de pedagoog op de cli\u00ebnt onmiddellijk opeisbaar. Indien de pedagoog de nakoming van de verplichtingen opschort, behoudt hij zijn aanspraken uit de wet en overeenkomst.<br>De pedagoog behoudt steeds het recht schadevergoeding te vorderen.<\/p>\n\n\n\n<p><strong>Artikel 7 Overmacht<\/strong><\/p>\n\n\n\n<p>Partijen zijn niet gehouden tot het nakomen van enige verplichting, indien zij daartoe gehinderd worden als gevolg van een omstandigheid die niet is te wijten aan schuld, en noch krachtens de wet, een rechtshandeling of in het verkeer geldende opvattingen voor hun rekening komt.<br>Onder overmacht wordt in deze algemene voorwaarden verstaan naast hetgeen daaromtrent in de wet en jurisprudentie wordt begrepen, alle van buiten komende oorzaken, voorzien of niet-voorzien, waarop de pedagoog of cli\u00ebnt geen invloed kan uitoefenen, doch waardoor de pedagoog of cli\u00ebnt niet in staat is de verplichtingen na te komen.<br>Partijen kunnen gedurende de periode dat de overmacht voortduurt de verplichtingen uit de overeenkomst opschorten. Indien deze periode langer duurt dan twee maanden is ieder der partijen gerechtigd de overeenkomst te ontbinden, zonder verplichting tot vergoeding van schade aan de andere partij.<br>Voorzover de pedagoog ten tijde van het intreden van overmacht inmiddels gedeeltelijk zijn verplichtingen uit de overeenkomst is nagekomen of deze zal kunnen nakomen, en aan het nagekomen respectievelijk na te komen gedeelte zelfstandige waarde toekomt, is de pedagoog gerechtigd om het reeds nagekomen respectievelijk na te komen gedeelte separaat te declareren. Cli\u00ebnt is gehouden deze declaratie te voldoen als ware het een afzonderlijke overeenkomst.<\/p>\n\n\n\n<p><strong>Artikel 8 Incassokosten<\/strong><\/p>\n\n\n\n<p>Is cli\u00ebnt in gebreke of in verzuim met het nakomen van \u00e9\u00e9n of meer van zijn verplichtingen, dan komen alle redelijke kosten ter verkrijging van voldoening buiten rechte voor rekening van cli\u00ebnt.<br>Indien de pedagoog hogere kosten heeft gemaakt, welke redelijkerwijs noodzakelijk waren, komen ook deze voor vergoeding in aanmerking.<br>De eventuele gemaakte redelijke gerechtelijke en executiekosten komen eveneens voor rekening van cli\u00ebnt.<br>Cli\u00ebnt is over de gemaakte incassokosten rente verschuldigd.<\/p>\n\n\n\n<p><strong>Artikel 9 Geschillen, toepasselijk recht<\/strong><\/p>\n\n\n\n<p>De rechter in de vestigingsplaats van gebruiker is bij uitsluiting bevoegd van geschillen kennis te nemen, tenzij de kantonrechter bevoegd is. Niettemin heeft gebruiker het recht het geschil voor te leggen aan de volgens de wet bevoegde rechter.<br>Partijen zullen eerst een beroep op de rechter doen nadat zij zich tot het uiterste hebben ingespannen een geschil in onderling overleg te beslechten.<br>Op elke overeenkomst tussen de pedagoog en de cli\u00ebnt als opdrachtgever is Nederlands recht van toepassing.\u00ad\u00ad\u00ad<\/p>\n","protected":false},"excerpt":{"rendered":"<p>Algemene voorwaarden van toepassing op (behandel)overeenkomsten tussen de pedagogen\/ therapeuten van PP-Z (hierna te noemen pedagoog) en haar opdrachtnemers\/ cli\u00ebnten (hierna te noemen cli\u00ebnt). Artikel 1 Algemeen Deze algemene voorwaarden gelden voor iedere overeenkomst tussen de pedagoog en cli\u00ebnt, en tussen de door de pedagoog ingeschakelde derde en cli\u00ebnt, tenzij anders bepaald en met inachtneming&#8230;<\/p>\n","protected":false},"author":2,"featured_media":0,"parent":0,"menu_order":0,"comment_status":"closed","ping_status":"closed","template":"","meta":{"footnotes":""},"class_list":["post-157","page","type-page","status-publish","hentry"],"_links":{"self":[{"href":"https:\/\/www.pp-z.nl\/index.php\/wp-json\/wp\/v2\/pages\/157","targetHints":{"allow":["GET"]}}],"collection":[{"href":"https:\/\/www.pp-z.nl\/index.php\/wp-json\/wp\/v2\/pages"}],"about":[{"href":"https:\/\/www.pp-z.nl\/index.php\/wp-json\/wp\/v2\/types\/page"}],"author":[{"embeddable":true,"href":"https:\/\/www.pp-z.nl\/index.php\/wp-json\/wp\/v2\/users\/2"}],"replies":[{"embeddable":true,"href":"https:\/\/www.pp-z.nl\/index.php\/wp-json\/wp\/v2\/comments?post=157"}],"version-history":[{"count":1,"href":"https:\/\/www.pp-z.nl\/index.php\/wp-json\/wp\/v2\/pages\/157\/revisions"}],"predecessor-version":[{"id":158,"href":"https:\/\/www.pp-z.nl\/index.php\/wp-json\/wp\/v2\/pages\/157\/revisions\/158"}],"wp:attachment":[{"href":"https:\/\/www.pp-z.nl\/index.php\/wp-json\/wp\/v2\/media?parent=157"}],"curies":[{"name":"wp","href":"https:\/\/api.w.org\/{rel}","templated":true}]}}